{"id":17200,"date":"2012-12-19T18:59:35","date_gmt":"2012-12-19T18:59:35","guid":{"rendered":"http:\/\/www.led-card.com\/product\/novastar-mctrl300-led-real-time-sending-box\/"},"modified":"2025-09-13T01:10:01","modified_gmt":"2025-09-13T01:10:01","slug":"novastar-mctrl300-led-real-time-sending-box","status":"publish","type":"product","link":"https:\/\/www.led-card.com\/de\/novastar-mctrl300-led-real-time-sending-box.html","title":{"rendered":"Novastar MCTRL300 LED Echtzeit Senden Box"},"content":{"rendered":"<div>\n\t&nbsp;<\/div>\n<div>\n<h4>\n\t\tNovastar MCTRL300 LED real time Sending Box&nbsp;Characteristics:<\/h4>\n<div>\n\t\t&nbsp;<\/div>\n<div>\n\t\t1. 1 DVI interface for video input.<\/div>\n<div>\n\t\t&nbsp;<\/div>\n<div>\n\t\t2. USB interface for instruction communication.<\/div>\n<div>\n\t\t&nbsp;<\/div>\n<div>\n\t\t3. Audio input interface integrated.<\/div>\n<div>\n\t\t&nbsp;<\/div>\n<div>\n\t\t4. Resolutions supported: 1024&times;1200, 1280&times;1024, 1600&times;848, 1920&times;712, 2048&times;640.<\/div>\n<div>\n\t\t&nbsp;<\/div>\n<div>\n\t\t5. Light sensor interface integrated.<\/div>\n<div>\n\t\t&nbsp;<\/div>\n<div>\n<div>\n\t\t\tWhat is Included:<\/div>\n<div>\n\t\t\t1 x Mctrl300 sending box &nbsp;( MSD300 inside )<\/div>\n<div>\n\t\t\t1 x power cable (power 110-264 VAC input)<\/div>\n<div>\n\t\t\t1 x DVI cable&nbsp;<\/div>\n<div>\n\t\t\t1 x USB cable<\/div>\n<div>\n\t\t\t(For software CD &amp; manual\u00ef\u00bc\u0152you can ask for link to download)<\/div><\/div>\n<\/div>\n","protected":false},"excerpt":{"rendered":"<p>1. 1 DVI interface for video input.<br \/>\n2. USB interface for instruction communication.<br \/>\n3. Audio input interface integrated.<br \/>\n4. Resolutions supported: 1024\u00d71200, 1280\u00d71024, 1600\u00d7848, 1920\u00d7712, 2048\u00d7640.<\/p>\n","protected":false},"featured_media":27281,"comment_status":"open","ping_status":"closed","template":"","meta":[],"product_brand":[],"product_cat":[1153,1152],"product_tag":[],"class_list":{"0":"post-17200","1":"product","2":"type-product","3":"status-publish","4":"has-post-thumbnail","6":"product_cat-led-box-senden","7":"product_cat-led-sending-box","8":"pa_manufacturer-novastar-de","9":"pa_manufacturer-nova-star","10":"wow","11":"fadeIn","13":"first","14":"instock","15":"sale","16":"taxable","17":"shipping-taxable","18":"purchasable","19":"product-type-simple"},"_links":{"self":[{"href":"https:\/\/www.led-card.com\/de\/wp-json\/wp\/v2\/product\/17200","targetHints":{"allow":["GET"]}}],"collection":[{"href":"https:\/\/www.led-card.com\/de\/wp-json\/wp\/v2\/product"}],"about":[{"href":"https:\/\/www.led-card.com\/de\/wp-json\/wp\/v2\/types\/product"}],"replies":[{"embeddable":true,"href":"https:\/\/www.led-card.com\/de\/wp-json\/wp\/v2\/comments?post=17200"}],"wp:featuredmedia":[{"embeddable":true,"href":"https:\/\/www.led-card.com\/de\/wp-json\/wp\/v2\/media\/27281"}],"wp:attachment":[{"href":"https:\/\/www.led-card.com\/de\/wp-json\/wp\/v2\/media?parent=17200"}],"wp:term":[{"taxonomy":"product_brand","embeddable":true,"href":"https:\/\/www.led-card.com\/de\/wp-json\/wp\/v2\/product_brand?post=17200"},{"taxonomy":"product_cat","embeddable":true,"href":"https:\/\/www.led-card.com\/de\/wp-json\/wp\/v2\/product_cat?post=17200"},{"taxonomy":"product_tag","embeddable":true,"href":"https:\/\/www.led-card.com\/de\/wp-json\/wp\/v2\/product_tag?post=17200"}],"curies":[{"name":"wp","href":"https:\/\/api.w.org\/{rel}","templated":true}]}}