{"id":17039,"date":"2012-10-06T18:43:30","date_gmt":"2012-10-06T18:43:30","guid":{"rendered":"http:\/\/www.led-card.com\/product\/tf-a2-led-slide-scroll-controller\/"},"modified":"2023-04-10T09:57:45","modified_gmt":"2023-04-10T09:57:45","slug":"tf-a2-led-slide-scroll-controller","status":"publish","type":"product","link":"https:\/\/www.led-card.com\/es\/tf-a2-led-slide-scroll-controller.html","title":{"rendered":"TF-A2 LED diapositiva controlador desplazamiento"},"content":{"rendered":"<p> Model: TF-A2<br \/>\nBatch supply<br \/>\nFunction introduction\tMore arbitrary division, dazzle colour border area, the LED display asynchronous control card<br \/>\nUsage\tindoor\/outdoor<br \/>\nPixel\tSingle colour640\u00d716;320\u00d732; Double colour320\u00d716;160\u00d732<br \/>\nPorts\tone 08 port; two 12 ports<br \/>\nScanning mode\tsupport 1\/16 \/ 1\/4,Scan the monochrome, double color module.<br \/>\nStorage\t2M<br \/>\nProgram number\tMaximum 200 \/ \u201asupport windows Article 200 the most of every window support information \/ \u201a<br \/>\nDisplay\train \/ fountain \/ scroll and much more<br \/>\nBorder\tsupport many Color border,Picture border<br \/>\nFlash format\tsupport GIF,SWF<br \/>\nImage format\tsupport BMP,JPG,GIF,WMF,ICO<br \/>\nBrightness\tLevel 16 highlighted support manual<br \/>\nTest button\tmanual<br \/>\nTest button\tOn-board test button Can switch over the<br \/>\nFunction expanden\ttemperature \/ moisture \/ RF<br \/>\nElectrical parameters\t+5V DC(4.5V`6V) Power consumption<0.5W\nWorking temperature\t-30-70\nSize\t50mm\u00d7100mm Hole spacing\u00ef 40mm\u00d790mm\n \n<\/p>\n","protected":false},"excerpt":{"rendered":"<p>Function introduction\tMore arbitrary division, dazzle colour border area, the LED display asynchronous control card<br \/>\nUsage\tindoor\/outdoor<br \/>\nPixel\tSingle colour640\u00d716;320\u00d732; Double colour320\u00d716;160\u00d732<\/p>\n","protected":false},"featured_media":27519,"comment_status":"open","ping_status":"closed","template":"","meta":[],"product_brand":[],"product_cat":[1163],"product_tag":[],"class_list":{"0":"post-17039","1":"product","2":"type-product","3":"status-publish","4":"has-post-thumbnail","6":"product_cat-single-doble-tarjeta-del-color","7":"pa_manufacturer-xlg-es","8":"wow","9":"fadeIn","11":"first","12":"instock","13":"taxable","14":"shipping-taxable","15":"purchasable","16":"product-type-simple"},"_links":{"self":[{"href":"https:\/\/www.led-card.com\/es\/wp-json\/wp\/v2\/product\/17039","targetHints":{"allow":["GET"]}}],"collection":[{"href":"https:\/\/www.led-card.com\/es\/wp-json\/wp\/v2\/product"}],"about":[{"href":"https:\/\/www.led-card.com\/es\/wp-json\/wp\/v2\/types\/product"}],"replies":[{"embeddable":true,"href":"https:\/\/www.led-card.com\/es\/wp-json\/wp\/v2\/comments?post=17039"}],"wp:featuredmedia":[{"embeddable":true,"href":"https:\/\/www.led-card.com\/es\/wp-json\/wp\/v2\/media\/27519"}],"wp:attachment":[{"href":"https:\/\/www.led-card.com\/es\/wp-json\/wp\/v2\/media?parent=17039"}],"wp:term":[{"taxonomy":"product_brand","embeddable":true,"href":"https:\/\/www.led-card.com\/es\/wp-json\/wp\/v2\/product_brand?post=17039"},{"taxonomy":"product_cat","embeddable":true,"href":"https:\/\/www.led-card.com\/es\/wp-json\/wp\/v2\/product_cat?post=17039"},{"taxonomy":"product_tag","embeddable":true,"href":"https:\/\/www.led-card.com\/es\/wp-json\/wp\/v2\/product_tag?post=17039"}],"curies":[{"name":"wp","href":"https:\/\/api.w.org\/{rel}","templated":true}]}}