{"id":30283,"date":"2020-08-15T03:11:11","date_gmt":"2020-08-15T03:11:12","guid":{"rendered":"https:\/\/www.led-card.com\/?post_type=product&#038;p=30283"},"modified":"2022-11-07T04:02:32","modified_gmt":"2022-11-07T04:02:32","slug":"huidu-hd-t901b-led-sending-cards","status":"publish","type":"product","link":"https:\/\/www.led-card.com\/es\/huidu-hd-t901b-led-sending-cards.html","title":{"rendered":"Tarjetas de env\u00edo LED Huidu HD-T901B"},"content":{"rendered":"<p>La HD-T901B es una tarjeta de transmisi\u00f3n s\u00edncrona.<br \/>\nEl rango de control es de 1,3 millones de p\u00edxeles, el m\u00e1s ancho es de 3840 p\u00edxeles y el m\u00e1s alto es 2048 p\u00edxeles.<br \/>\nAlcance: 1280*1024@60Hz, m\u00e1s ancho: 3840,Heighest: 2048<br \/>\nNecesita HD-R50X para tarjetas receptora.<br \/>\nAmbos son compatibles con el empalme multi-tarjeta con pantalla grande.<br \/>\nEl T901B es un cuadro de env\u00edo s\u00edncrono externo.<\/p>\n<p>1. Compatible con interiores y exteriores a todo color y m\u00f3dulos de color simple y doble,<br \/>\n2. Soporte de reproducci\u00f3n de v\u00eddeo, im\u00e1genes y efectos de texto,<br \/>\n3. Entrada de v\u00eddeo DVI unidireccional,<br \/>\n4. Entrada est\u00e9reo est\u00e1ndar de doble canal para su uso con tarjetas multifunci\u00f3n,<br \/>\n5. Identificaci\u00f3n autom\u00e1tica sin ning\u00fan ajuste,<br \/>\n6. Soporta hasta 65536 tonos de gris,<br \/>\n7. Soporta la conexi\u00f3n en cascada con pantallas grandes.<\/p>\n","protected":false},"excerpt":{"rendered":"<p>Modelo: HD- T901B<br \/>\nLa HD-T901B es una tarjeta de transmisi\u00f3n s\u00edncrona.<br \/>\nEl rango de control es de 1,3 millones de p\u00edxeles, el m\u00e1s ancho es de 3840 p\u00edxeles y el m\u00e1s alto es 2048 p\u00edxeles.<br \/>\nAlcance: 1280*1024@60Hz, m\u00e1s ancho: 3840,Heighest: 2048<\/p>\n","protected":false},"featured_media":30933,"comment_status":"open","ping_status":"closed","template":"","meta":[],"product_brand":[],"product_cat":[1154],"product_tag":[2118,1579],"class_list":{"0":"post-30283","1":"product","2":"type-product","3":"status-publish","4":"has-post-thumbnail","6":"product_cat-led-caja-enviar","7":"product_tag-huidu-es","8":"product_tag-led-sending-box-es","9":"pa_manufacturer-led-card-es","10":"wow","11":"fadeIn","13":"first","14":"instock","15":"sale","16":"taxable","17":"shipping-taxable","18":"purchasable","19":"product-type-simple"},"_links":{"self":[{"href":"https:\/\/www.led-card.com\/es\/wp-json\/wp\/v2\/product\/30283","targetHints":{"allow":["GET"]}}],"collection":[{"href":"https:\/\/www.led-card.com\/es\/wp-json\/wp\/v2\/product"}],"about":[{"href":"https:\/\/www.led-card.com\/es\/wp-json\/wp\/v2\/types\/product"}],"replies":[{"embeddable":true,"href":"https:\/\/www.led-card.com\/es\/wp-json\/wp\/v2\/comments?post=30283"}],"wp:featuredmedia":[{"embeddable":true,"href":"https:\/\/www.led-card.com\/es\/wp-json\/wp\/v2\/media\/30933"}],"wp:attachment":[{"href":"https:\/\/www.led-card.com\/es\/wp-json\/wp\/v2\/media?parent=30283"}],"wp:term":[{"taxonomy":"product_brand","embeddable":true,"href":"https:\/\/www.led-card.com\/es\/wp-json\/wp\/v2\/product_brand?post=30283"},{"taxonomy":"product_cat","embeddable":true,"href":"https:\/\/www.led-card.com\/es\/wp-json\/wp\/v2\/product_cat?post=30283"},{"taxonomy":"product_tag","embeddable":true,"href":"https:\/\/www.led-card.com\/es\/wp-json\/wp\/v2\/product_tag?post=30283"}],"curies":[{"name":"wp","href":"https:\/\/api.w.org\/{rel}","templated":true}]}}