{"id":30287,"date":"2020-08-15T03:27:15","date_gmt":"2020-08-15T03:27:15","guid":{"rendered":"https:\/\/www.led-card.com\/?post_type=product&#038;p=30287"},"modified":"2025-03-27T09:51:58","modified_gmt":"2025-03-27T09:51:58","slug":"delta-dps-252eb-a-led-power","status":"publish","type":"product","link":"https:\/\/www.led-card.com\/es\/delta-dps-252eb-a-led-power.html","title":{"rendered":"Delta DPS-252EB A LED Power"},"content":{"rendered":"<p>Delta DPS-252EB Una alimentaci\u00f3n LED<br \/>\nTensi\u00f3n de entrada de CA universal 90V a 264V<br \/>\nPFC activo incorporado, PF-0,95<br \/>\nChasis de aluminio resistente a la corrosi\u00f3n completo y revestimiento conformado para placa PCB<br \/>\nDise\u00f1o de perfil bajo para la instalaci\u00f3n de 1U y control autom\u00e1tico de la velocidad del ventilador<br \/>\nArranque en fr\u00edo -40oC, funcionando -25oC a 70oC<br \/>\nCortocircuito \/ Sobretensi\u00f3n \/ Sobrecarga \/ Sobre las protecciones de temperatura<br \/>\n1.Voltaje de salida nominal: 4.2V<br \/>\n2. Rango de ajuste de voltaje de salida: 3.78 a 4.62V Ajustable por VR sin condici\u00f3n de carga<br \/>\n3.Corriente de salida: 0 a 60A<br \/>\n4.Potencia de salida: 252W<br \/>\n5.Tiempo de subida:(A 115Vac&amp;230Vac 1 60A, tiempo de subida de la producci\u00f3n de DC del 5% al 95% de Vout)<br \/>\n6.Tiempo de inicio: 1000ms<br \/>\n7.Tiempo de espera: 28ms<br \/>\n8.Ripple y el ruido: 150mVp-p<br \/>\n9.Reglamento de l\u00ednea:+0,5%<br \/>\n10.Regulaci\u00f3n de carga:13%<\/p>\n","protected":false},"excerpt":{"rendered":"<p>Delta DPS-252EB Una alimentaci\u00f3n LED<br \/>\nTensi\u00f3n de entrada de CA universal 90V a 264V<br \/>\nPFC activo incorporado, PF-0,95<\/p>\n","protected":false},"featured_media":30296,"comment_status":"open","ping_status":"closed","template":"","meta":[],"product_brand":[],"product_cat":[1181,1179],"product_tag":[1379,1584,2262,2264],"class_list":{"0":"post-30287","1":"product","2":"type-product","3":"status-publish","4":"has-post-thumbnail","6":"product_cat-fuentes-de-alimentacion","7":"product_cat-led-power-supplies","8":"product_tag-dc-4-2v-power","9":"product_tag-dc-4-2v-power-es","10":"product_tag-led-power","11":"product_tag-led-power-es","12":"pa_manufacturer-lumen-es","13":"pa_manufacturer-lumen","14":"wow","15":"fadeIn","17":"first","18":"instock","19":"sale","20":"taxable","21":"shipping-taxable","22":"purchasable","23":"product-type-simple"},"_links":{"self":[{"href":"https:\/\/www.led-card.com\/es\/wp-json\/wp\/v2\/product\/30287","targetHints":{"allow":["GET"]}}],"collection":[{"href":"https:\/\/www.led-card.com\/es\/wp-json\/wp\/v2\/product"}],"about":[{"href":"https:\/\/www.led-card.com\/es\/wp-json\/wp\/v2\/types\/product"}],"replies":[{"embeddable":true,"href":"https:\/\/www.led-card.com\/es\/wp-json\/wp\/v2\/comments?post=30287"}],"wp:featuredmedia":[{"embeddable":true,"href":"https:\/\/www.led-card.com\/es\/wp-json\/wp\/v2\/media\/30296"}],"wp:attachment":[{"href":"https:\/\/www.led-card.com\/es\/wp-json\/wp\/v2\/media?parent=30287"}],"wp:term":[{"taxonomy":"product_brand","embeddable":true,"href":"https:\/\/www.led-card.com\/es\/wp-json\/wp\/v2\/product_brand?post=30287"},{"taxonomy":"product_cat","embeddable":true,"href":"https:\/\/www.led-card.com\/es\/wp-json\/wp\/v2\/product_cat?post=30287"},{"taxonomy":"product_tag","embeddable":true,"href":"https:\/\/www.led-card.com\/es\/wp-json\/wp\/v2\/product_tag?post=30287"}],"curies":[{"name":"wp","href":"https:\/\/api.w.org\/{rel}","templated":true}]}}